{"id":80,"date":"2018-05-13T21:48:48","date_gmt":"2018-05-13T21:48:48","guid":{"rendered":"http:\/\/de.praxis-lamby.de\/?page_id=80"},"modified":"2018-05-13T21:48:48","modified_gmt":"2018-05-13T21:48:48","slug":"impressum","status":"publish","type":"page","link":"https:\/\/praxis-lamby.de\/?page_id=80","title":{"rendered":"Impressum"},"content":{"rendered":"<h2>Praxis Lamby&amp;Pfl\u00fcger<\/h2>\n<h5>BSNR:218242900<\/h5>\n<p>Dr. Daniel Lamby<br \/>\nFacharzt f\u00fcr Innere Medizin<br \/>\nDiabetologie<br \/>\nPalliativmedizin<br \/>\nLANR:242487703<\/p>\n<p>Julia Christina Lamby<br \/>\n\u00c4rztin f\u00fcr Allgemeinmedizin<br \/>\nDiabetologie<br \/>\nPalliativmedizin<br \/>\nManuelle Medizin und Chirotherapie<br \/>\nLANR: 332550801<\/p>\n<p>Benjamin Daniel Pfl\u00fcger<br \/>\nFacharzt f\u00fcr Innere Medizin<br \/>\nDiabetologie<br \/>\nLANR:704079703<\/p>\n<p>Adresse:<\/p>\n<p>Bardenberger Str. 26<br \/>\n52146 W\u00fcrselen<br \/>\nTel.: 02405-87969<br \/>\nFax: 02405-83309<br \/>\ninfo@praxis-lamby.de<\/p>\n<p>www.praxis-lamby.de<\/p>\n<p>Kammerzugeh\u00f6rigkeit:<br \/>\n\u00c4rztekammer Nordrhein (www.aekno.de)<br \/>\nAufsichtsbeh\u00f6rde: Kassen\u00e4rztzliche Vereinigung Nordrhein (www.kvno.de)<br \/>\nGesetzliche Berufsbezeichnung: \u00c4rztin\/Arzt<br \/>\nStaat der Verleihung der Berufsbezeichnung:Deutschland<\/p>\n<p>Berufsrechtliche Regelung: Berufsordnung f\u00fcr \u00c4rzte, zu finden auf www.baek.de<\/p>\n<p>Konzeption und Layout:<br \/>\nDr. Daniel Lamby<\/p>\n<p>Programmierung:<br \/>\nDr. Daniel Lamby<\/p>\n<p>Bildquellen:<br \/>\nPixabay<\/p>\n<p>Wichtiger Hinweis:<br \/>\nDas Landgericht Hamburg hat mit Urteil vom 12.05.1998 entschieden, dass man durch die Ausbringung eines Links die Inhalte der gelinkten Seite ggf. mit zu verantworten hat. Dies kann &#8211; so das LG &#8211; nur dadurch verhindert werden, dass man sich ausdr\u00fccklich von diesen Inhalten distanziert.<br \/>\nWir haben auf dieser Website Links zu anderen Seiten im Internet gelegt. F\u00fcr all diese Links gilt:<br \/>\nDer Autor erkl\u00e4rt hiermit ausdr\u00fccklich, dass zum Zeitpunkt der Linksetzung keine illegalen Inhalte auf den zu verlinkenden Seiten erkennbar waren. Auf die aktuelle und zuk\u00fcnftige Gestaltung, die Inhalte oder die Urheberschaft der gelinkten\/verkn\u00fcpften Seiten hat der Autor keinerlei Einfluss.<br \/>\nDer Autor distanziert sich ausdr\u00fccklich von nach der Linksetzung eventuell vorgenommenen \u00c4nderungen\/Erg\u00e4nzungen, die illegalen Inhaltes sind.<br \/>\nDiese Erkl\u00e4rung gilt f\u00fcr alle auf dieser Website ausgebrachten Links und f\u00fcr alle Inhalte der Seiten, zu denen Links f\u00fchren.<br \/>\nMehr zu diesem Thema finden Sie unter: http:\/\/www.disclaimer.de\/disclaimer.htm<\/p>\n","protected":false},"excerpt":{"rendered":"<p>Praxis Lamby&amp;Pfl\u00fcger BSNR:218242900 Dr. Daniel Lamby Facharzt f\u00fcr Innere Medizin Diabetologie Palliativmedizin LANR:242487703 Julia Christina Lamby \u00c4rztin f\u00fcr Allgemeinmedizin Diabetologie Palliativmedizin Manuelle Medizin und Chirotherapie LANR: 332550801 Benjamin Daniel Pfl\u00fcger Facharzt f\u00fcr Innere Medizin Diabetologie LANR:704079703 Adresse: Bardenberger Str. 26 52146 W\u00fcrselen Tel.: 02405-87969 Fax: 02405-83309 info@praxis-lamby.de www.praxis-lamby.de Kammerzugeh\u00f6rigkeit: \u00c4rztekammer Nordrhein (www.aekno.de) Aufsichtsbeh\u00f6rde: Kassen\u00e4rztzliche Vereinigung [&hellip;]<\/p>\n","protected":false},"author":1,"featured_media":0,"parent":0,"menu_order":0,"comment_status":"closed","ping_status":"closed","template":"","meta":{"footnotes":""},"class_list":["post-80","page","type-page","status-publish","hentry"],"_links":{"self":[{"href":"https:\/\/praxis-lamby.de\/index.php?rest_route=\/wp\/v2\/pages\/80","targetHints":{"allow":["GET"]}}],"collection":[{"href":"https:\/\/praxis-lamby.de\/index.php?rest_route=\/wp\/v2\/pages"}],"about":[{"href":"https:\/\/praxis-lamby.de\/index.php?rest_route=\/wp\/v2\/types\/page"}],"author":[{"embeddable":true,"href":"https:\/\/praxis-lamby.de\/index.php?rest_route=\/wp\/v2\/users\/1"}],"replies":[{"embeddable":true,"href":"https:\/\/praxis-lamby.de\/index.php?rest_route=%2Fwp%2Fv2%2Fcomments&post=80"}],"version-history":[{"count":0,"href":"https:\/\/praxis-lamby.de\/index.php?rest_route=\/wp\/v2\/pages\/80\/revisions"}],"wp:attachment":[{"href":"https:\/\/praxis-lamby.de\/index.php?rest_route=%2Fwp%2Fv2%2Fmedia&parent=80"}],"curies":[{"name":"wp","href":"https:\/\/api.w.org\/{rel}","templated":true}]}}