{"id":647,"date":"2024-01-01T12:05:18","date_gmt":"2024-01-01T12:05:18","guid":{"rendered":"https:\/\/praxis-lamby.de\/?page_id=647"},"modified":"2024-01-01T12:07:33","modified_gmt":"2024-01-01T12:07:33","slug":"e-rezept","status":"publish","type":"page","link":"https:\/\/praxis-lamby.de\/?page_id=647","title":{"rendered":"E-Rezept"},"content":{"rendered":"\n<p>Ab dem 01.01.2024 werden verpflichtend E-Rezepte ausgestellt. Dies bedeutet, dass Verordnungen f\u00fcr Medikamente auf einem zentralen System gespeichert werden.<br><\/p>\n\n\n\n<p>Es gibt verschiedene M\u00f6glichkeiten das E-Rezept einzul\u00f6sen:<\/p>\n\n\n\n<ol class=\"wp-block-list\">\n<li>Sie gehen mit Ihrer Versichertenkarte (eGK) in die Apotheke, dort stecken Sie diese in einen Kartenterminal und die Rezepte k\u00f6nnen ausgelesen werden. Dies sollte der neue Standard werden. Ein Papierausdruck ist somit nicht mehr notwendig.  Wenn Sie Ihre Versichertenkarte (eGK 2.1) im aktuellen Quartal schon eingelesen haben, m\u00fcssen Sie noch nicht einmal in die Praxis kommen, wenn Sie ein Folgerezept ben\u00f6tigen!<\/li>\n\n\n\n<li>\u00dcber die E-Rezept-App der Gematik (Android oder iOS). Hierf\u00fcr ben\u00f6tigen Sie die App und eine PIN, die sie nach pers\u00f6nlicher Vorstellung bei Ihrer Krankenkasse erhalten k\u00f6nnen. Sie k\u00f6nnen das Rezept in der App an Ihre Wunschapotheke weiterleiten (lokal oder Versandapotheke).<\/li>\n\n\n\n<li>\u00dcber einen Papierausdruck. Diesen Papierausdruck fertigen wir nur auf expliziten Wunsch an (bitte entsprechend bei der Rezeptbestellung angeben). Dies kann z.B. notwendig werden, wenn Sie einer Versandapotheke ein Rezept zukommen lassen m\u00fcssen, aber nicht \u00fcber die E-Rezept-App der Gematik verf\u00fcgen. <\/li>\n<\/ol>\n\n\n\n<p>Bitte beachten Sie: Es ist weiterhin notwendig, dass Sei Ihre Versichertenkarte in der Praxis einlesen lassen! Andernfalls k\u00f6nnen wir weiterhin keine Rezepte f\u00fcr Sie ausstellen. Sofern Ihre Karte einmalig eingelesen wurde, ist dieser Vorgang aber bis zum Quartalsende nicht mehr notwendig! Es lohnt sich also, die Versichertenkarte fr\u00fch im Quartal einlesen zu lassen, wenn Sie wissen, dass Sie wiederholte Verordnungen ben\u00f6tigen.<\/p>\n\n\n\n<p>Ohne einen g\u00fcltigen Versicherungsnachweis k\u00f6nnen wir Ihnen nur ein Privatrezept ausstellen. <\/p>\n\n\n\n<p>Hilfsmittel wie Einlagen, Kompressionsstr\u00fcmpfe, Pen-Nadeln, Lanzetten o.\u00e4. k\u00f6nnen derzeit noch nicht als E-Rezept ausgestellt werden. In diesem Fall erfolgt die Verordnung weiterhin auf einem &#8222;roten Rezept&#8220;.<\/p>\n\n\n\n<p>Privaterezepte k\u00f6nnen vorerst nicht als E-Rezept ausgestellt werden. <\/p>\n","protected":false},"excerpt":{"rendered":"<p>Ab dem 01.01.2024 werden verpflichtend E-Rezepte ausgestellt. Dies bedeutet, dass Verordnungen f\u00fcr Medikamente auf einem zentralen System gespeichert werden. Es gibt verschiedene M\u00f6glichkeiten das E-Rezept einzul\u00f6sen: Bitte beachten Sie: Es ist weiterhin notwendig, dass Sei Ihre Versichertenkarte in der Praxis einlesen lassen! Andernfalls k\u00f6nnen wir weiterhin keine Rezepte f\u00fcr Sie ausstellen. Sofern Ihre Karte einmalig [&hellip;]<\/p>\n","protected":false},"author":1,"featured_media":0,"parent":0,"menu_order":0,"comment_status":"closed","ping_status":"closed","template":"","meta":{"footnotes":""},"class_list":["post-647","page","type-page","status-publish","hentry"],"_links":{"self":[{"href":"https:\/\/praxis-lamby.de\/index.php?rest_route=\/wp\/v2\/pages\/647","targetHints":{"allow":["GET"]}}],"collection":[{"href":"https:\/\/praxis-lamby.de\/index.php?rest_route=\/wp\/v2\/pages"}],"about":[{"href":"https:\/\/praxis-lamby.de\/index.php?rest_route=\/wp\/v2\/types\/page"}],"author":[{"embeddable":true,"href":"https:\/\/praxis-lamby.de\/index.php?rest_route=\/wp\/v2\/users\/1"}],"replies":[{"embeddable":true,"href":"https:\/\/praxis-lamby.de\/index.php?rest_route=%2Fwp%2Fv2%2Fcomments&post=647"}],"version-history":[{"count":2,"href":"https:\/\/praxis-lamby.de\/index.php?rest_route=\/wp\/v2\/pages\/647\/revisions"}],"predecessor-version":[{"id":655,"href":"https:\/\/praxis-lamby.de\/index.php?rest_route=\/wp\/v2\/pages\/647\/revisions\/655"}],"wp:attachment":[{"href":"https:\/\/praxis-lamby.de\/index.php?rest_route=%2Fwp%2Fv2%2Fmedia&parent=647"}],"curies":[{"name":"wp","href":"https:\/\/api.w.org\/{rel}","templated":true}]}}