{"id":623,"date":"2024-01-01T11:07:09","date_gmt":"2024-01-01T11:07:09","guid":{"rendered":"https:\/\/praxis-lamby.de\/?page_id=623"},"modified":"2024-05-06T07:47:52","modified_gmt":"2024-05-06T07:47:52","slug":"kontakt-zweigpraxis-ahornstr-48","status":"publish","type":"page","link":"https:\/\/praxis-lamby.de\/?page_id=623","title":{"rendered":"Kontakt &#8211; Zweigpraxis Ahornstr. 48"},"content":{"rendered":"\n<h1 class=\"wp-block-heading has-medium-font-size\"><a href=\"https:\/\/praxis-lamby.de\/?page_id=228\" target=\"_blank\" rel=\"noreferrer noopener\"><\/a>Tel.: 0241-47590691 Fax: 0241-47590692<\/h1>\n\n\n\n<p id=\"block-47962dd7-661d-4700-bfbc-396a12a7efe5\"><\/p>\n\n\n\n<div class=\"wpforms-container wpforms-container-full\" id=\"wpforms-619\"><form id=\"wpforms-form-619\" class=\"wpforms-validate wpforms-form\" data-formid=\"619\" method=\"post\" enctype=\"multipart\/form-data\" action=\"\/index.php?rest_route=%2Fwp%2Fv2%2Fpages%2F623\" data-token=\"f1bfccaa548a40c6e229cd0ccfd6cd70\" data-token-time=\"1778070091\"><noscript class=\"wpforms-error-noscript\">Bitte aktiviere JavaScript in deinem Browser, um dieses Formular fertigzustellen.<\/noscript><div class=\"wpforms-field-container\"><div id=\"wpforms-619-field_19-container\" class=\"wpforms-field wpforms-field-name\" data-field-id=\"19\"><label class=\"wpforms-field-label\">Name <span class=\"wpforms-required-label\">*<\/span><\/label><div class=\"wpforms-field-row wpforms-field-medium\"><div class=\"wpforms-field-row-block wpforms-first wpforms-one-half\"><input type=\"text\" id=\"wpforms-619-field_19\" class=\"wpforms-field-name-first wpforms-field-required\" name=\"wpforms[fields][19][first]\" required><label for=\"wpforms-619-field_19\" class=\"wpforms-field-sublabel after\">Vorname<\/label><\/div><div class=\"wpforms-field-row-block wpforms-one-half\"><input type=\"text\" id=\"wpforms-619-field_19-last\" class=\"wpforms-field-name-last wpforms-field-required\" name=\"wpforms[fields][19][last]\" required><label for=\"wpforms-619-field_19-last\" class=\"wpforms-field-sublabel after\">Nachname<\/label><\/div><\/div><\/div><div id=\"wpforms-619-field_10-container\" class=\"wpforms-field wpforms-field-number\" data-field-id=\"10\"><label class=\"wpforms-field-label\" for=\"wpforms-619-field_10\">Telefonnummer <span class=\"wpforms-required-label\">*<\/span><\/label><input type=\"number\" id=\"wpforms-619-field_10\" class=\"wpforms-field-small wpforms-field-required\" name=\"wpforms[fields][10]\" step=\"any\" required><\/div><div id=\"wpforms-619-field_20-container\" class=\"wpforms-field wpforms-field-text\" data-field-id=\"20\"><label class=\"wpforms-field-label\" for=\"wpforms-619-field_20\">Geburtsdatum <span class=\"wpforms-required-label\">*<\/span><\/label><input type=\"text\" id=\"wpforms-619-field_20\" class=\"wpforms-field-small wpforms-field-required wpforms-limit-characters-enabled\" data-form-id=\"619\" data-field-id=\"20\" data-text-limit=\"10\" name=\"wpforms[fields][20]\" value=\"01.01.1901\" maxlength=\"10\" required><\/div><div id=\"wpforms-619-field_14-container\" class=\"wpforms-field wpforms-field-text\" data-field-id=\"14\"><label class=\"wpforms-field-label\" for=\"wpforms-619-field_14\">Adresse<\/label><input type=\"text\" id=\"wpforms-619-field_14\" class=\"wpforms-field-medium\" name=\"wpforms[fields][14]\" ><div class=\"wpforms-field-description\">Stra\u00dfe, Hausnummer, PLZ, Ort<\/div><\/div><div id=\"wpforms-619-field_13-container\" class=\"wpforms-field wpforms-field-email\" data-field-id=\"13\"><label class=\"wpforms-field-label\" for=\"wpforms-619-field_13\">E-Mail <span class=\"wpforms-required-label\">*<\/span><\/label><input type=\"email\" id=\"wpforms-619-field_13\" class=\"wpforms-field-medium wpforms-field-required\" name=\"wpforms[fields][13]\" spellcheck=\"false\" required><\/div><div id=\"wpforms-619-field_5-container\" class=\"wpforms-field wpforms-field-select wpforms-field-select-style-classic\" data-field-id=\"5\"><label class=\"wpforms-field-label\" for=\"wpforms-619-field_5\">Grund der Kontaktaufnahme <span class=\"wpforms-required-label\">*<\/span><\/label><select id=\"wpforms-619-field_5\" class=\"wpforms-field-medium wpforms-field-required\" name=\"wpforms[fields][5]\" required=\"required\"><option value=\"Rezeptbestellung\"  selected='selected' class=\"choice-1 depth-1\"  >Rezeptbestellung<\/option><option value=\"Rezeptbestellung mit Papierausdruck\"  class=\"choice-4 depth-1\"  >Rezeptbestellung mit Papierausdruck<\/option><option value=\"R\u00fcckrufwunsch\"  class=\"choice-2 depth-1\"  >R\u00fcckrufwunsch<\/option><option value=\"sonstiges\"  class=\"choice-3 depth-1\"  >sonstiges<\/option><\/select><\/div><div id=\"wpforms-619-field_8-container\" class=\"wpforms-field wpforms-field-textarea\" data-field-id=\"8\"><label class=\"wpforms-field-label\" for=\"wpforms-619-field_8\">Nachricht <span class=\"wpforms-required-label\">*<\/span><\/label><textarea id=\"wpforms-619-field_8\" class=\"wpforms-field-medium wpforms-field-required\" name=\"wpforms[fields][8]\" required><\/textarea><\/div><div id=\"wpforms-619-field_12-container\" class=\"wpforms-field wpforms-field-checkbox\" data-field-id=\"12\"><label class=\"wpforms-field-label wpforms-label-hide\">Checkboxen <span class=\"wpforms-required-label\">*<\/span><\/label><ul id=\"wpforms-619-field_12\" class=\"wpforms-field-required\"><li class=\"choice-1 depth-1\"><input type=\"checkbox\" id=\"wpforms-619-field_12_1\" name=\"wpforms[fields][12][]\" value=\"Ich bin damit einverstanden, dass meine Daten verschl\u00fcsselt (TLS) an die Praxis Lamby&amp;Pfl\u00fcger \u00fcbermittelt werden. Ich habe die Hinweise zum Datenschutz zur Kenntnis genommen. \" required ><label class=\"wpforms-field-label-inline\" for=\"wpforms-619-field_12_1\">Ich bin damit einverstanden, dass meine Daten verschl\u00fcsselt (TLS) an die Praxis Lamby&amp;Pfl\u00fcger \u00fcbermittelt werden. Ich habe die Hinweise zum Datenschutz zur Kenntnis genommen.<\/label><\/li><\/ul><\/div><\/div><!-- .wpforms-field-container --><div class=\"wpforms-field wpforms-field-hp\"><label for=\"wpforms-619-field-hp\" class=\"wpforms-field-label\">Name<\/label><input type=\"text\" name=\"wpforms[hp]\" id=\"wpforms-619-field-hp\" class=\"wpforms-field-medium\"><\/div><div class=\"wpforms-submit-container\" ><input type=\"hidden\" name=\"wpforms[id]\" value=\"619\"><input type=\"hidden\" name=\"page_title\" value=\"\"><input type=\"hidden\" name=\"page_url\" value=\"https:\/\/praxis-lamby.de\/index.php?rest_route=\/wp\/v2\/pages\/623\"><input type=\"hidden\" name=\"url_referer\" value=\"\"><button type=\"submit\" name=\"wpforms[submit]\" id=\"wpforms-submit-619\" class=\"wpforms-submit\" data-alt-text=\"Sende...\" data-submit-text=\"Senden\" aria-live=\"assertive\" value=\"wpforms-submit\">Senden<\/button><\/div><\/form><\/div>  <!-- .wpforms-container -->\n\n\n\n<p>Hinweise zum Datenschutz:<br>Die von Ihnen gesendete Nachricht wird nach Bearbeitung gel\u00f6scht. Es verbleiben keine Daten auf evtl. Mailservern. Die Angaben werden nur soweit gespeichert, wie es f\u00fcr Ihre Betreuung notwendig ist und von der Dokumentationspflicht f\u00fcr \u00c4rzte verlangt wird.<\/p>\n","protected":false},"excerpt":{"rendered":"<p>Tel.: 0241-47590691 Fax: 0241-47590692 Hinweise zum Datenschutz:Die von Ihnen gesendete Nachricht wird nach Bearbeitung gel\u00f6scht. Es verbleiben keine Daten auf evtl. Mailservern. Die Angaben werden nur soweit gespeichert, wie es f\u00fcr Ihre Betreuung notwendig ist und von der Dokumentationspflicht f\u00fcr \u00c4rzte verlangt wird.<\/p>\n","protected":false},"author":1,"featured_media":0,"parent":0,"menu_order":0,"comment_status":"closed","ping_status":"closed","template":"","meta":{"footnotes":""},"class_list":["post-623","page","type-page","status-publish","hentry"],"_links":{"self":[{"href":"https:\/\/praxis-lamby.de\/index.php?rest_route=\/wp\/v2\/pages\/623","targetHints":{"allow":["GET"]}}],"collection":[{"href":"https:\/\/praxis-lamby.de\/index.php?rest_route=\/wp\/v2\/pages"}],"about":[{"href":"https:\/\/praxis-lamby.de\/index.php?rest_route=\/wp\/v2\/types\/page"}],"author":[{"embeddable":true,"href":"https:\/\/praxis-lamby.de\/index.php?rest_route=\/wp\/v2\/users\/1"}],"replies":[{"embeddable":true,"href":"https:\/\/praxis-lamby.de\/index.php?rest_route=%2Fwp%2Fv2%2Fcomments&post=623"}],"version-history":[{"count":5,"href":"https:\/\/praxis-lamby.de\/index.php?rest_route=\/wp\/v2\/pages\/623\/revisions"}],"predecessor-version":[{"id":675,"href":"https:\/\/praxis-lamby.de\/index.php?rest_route=\/wp\/v2\/pages\/623\/revisions\/675"}],"wp:attachment":[{"href":"https:\/\/praxis-lamby.de\/index.php?rest_route=%2Fwp%2Fv2%2Fmedia&parent=623"}],"curies":[{"name":"wp","href":"https:\/\/api.w.org\/{rel}","templated":true}]}}